{"id":6422,"date":"2022-02-09T20:17:58","date_gmt":"2022-02-09T19:17:58","guid":{"rendered":"https:\/\/vinoroma.com\/?page_id=6422"},"modified":"2023-07-15T22:23:28","modified_gmt":"2023-07-15T20:23:28","slug":"chi-siamo","status":"publish","type":"page","link":"https:\/\/vinoroma.com\/it\/chi-siamo\/","title":{"rendered":"Chi siamo"},"content":{"rendered":"\n<div style=\"height:50px\" aria-hidden=\"true\" class=\"wp-block-spacer\"><\/div>\n\n\n\n<div class=\"wp-block-group block-row show-on-mobile is-nowrap is-layout-flex wp-container-core-group-is-layout-ad2f72ca wp-block-group-is-layout-flex\">\n<figure class=\"wp-block-gallery has-nested-images columns-5 is-cropped wp-block-gallery-1 is-layout-flex wp-block-gallery-is-layout-flex\">\n<figure class=\"wp-block-image size-large\"><img decoding=\"async\" data-id=\"3347\" src=\"http:\/\/vinoroma.com\/wp-content\/uploads\/2021\/03\/About-Us-1.jpg\" alt=\"\" class=\"wp-image-3347\"\/><\/figure>\n\n\n\n<figure class=\"wp-block-image size-large\"><img decoding=\"async\" data-id=\"3348\" src=\"http:\/\/vinoroma.com\/wp-content\/uploads\/2021\/03\/About-Us-2-scaled.jpg\" alt=\"\" class=\"wp-image-3348\"\/><\/figure>\n\n\n\n<figure class=\"wp-block-image size-large\"><img decoding=\"async\" data-id=\"3349\" src=\"http:\/\/vinoroma.com\/wp-content\/uploads\/2021\/03\/About-Us-3.jpg\" alt=\"\" class=\"wp-image-3349\"\/><\/figure>\n\n\n\n<figure class=\"wp-block-image size-large\"><img decoding=\"async\" data-id=\"3351\" src=\"http:\/\/vinoroma.com\/wp-content\/uploads\/2021\/03\/About-Us-5.jpg\" alt=\"\" class=\"wp-image-3351\"\/><\/figure>\n\n\n\n<figure class=\"wp-block-image size-large\"><img decoding=\"async\" data-id=\"3350\" src=\"http:\/\/vinoroma.com\/wp-content\/uploads\/2021\/03\/About-Us-4.jpg\" alt=\"\" class=\"wp-image-3350\"\/><\/figure>\n<\/figure>\n<\/div>\n\n\n\n<div style=\"height:50px\" aria-hidden=\"true\" class=\"wp-block-spacer\"><\/div>\n\n\n\n<div class=\"wp-block-group block-row is-nowrap is-layout-flex wp-container-core-group-is-layout-ad2f72ca wp-block-group-is-layout-flex\">\n<div class=\"wp-block-columns is-layout-flex wp-container-core-columns-is-layout-9d6595d7 wp-block-columns-is-layout-flex\">\n<div class=\"wp-block-column is-layout-flow wp-block-column-is-layout-flow\" style=\"flex-basis:33.33%\">\n<figure class=\"wp-block-gallery has-nested-images columns-1 is-cropped hide-on-mobile wp-block-gallery-2 is-layout-flex wp-block-gallery-is-layout-flex\">\n<figure class=\"wp-block-image size-large\"><img decoding=\"async\" data-id=\"3347\" src=\"http:\/\/vinoroma.com\/wp-content\/uploads\/2021\/03\/About-Us-1.jpg\" alt=\"\" class=\"wp-image-3347\"\/><\/figure>\n\n\n\n<figure class=\"wp-block-image size-large\"><img decoding=\"async\" data-id=\"3348\" src=\"http:\/\/vinoroma.com\/wp-content\/uploads\/2021\/03\/About-Us-2-scaled.jpg\" alt=\"\" class=\"wp-image-3348\"\/><\/figure>\n\n\n\n<figure class=\"wp-block-image size-large\"><img decoding=\"async\" data-id=\"3349\" src=\"http:\/\/vinoroma.com\/wp-content\/uploads\/2021\/03\/About-Us-3.jpg\" alt=\"\" class=\"wp-image-3349\"\/><\/figure>\n\n\n\n<figure class=\"wp-block-image size-large\"><img decoding=\"async\" data-id=\"3350\" src=\"http:\/\/vinoroma.com\/wp-content\/uploads\/2021\/03\/About-Us-4.jpg\" alt=\"\" class=\"wp-image-3350\"\/><\/figure>\n\n\n\n<figure class=\"wp-block-image size-large\"><img decoding=\"async\" data-id=\"3351\" src=\"http:\/\/vinoroma.com\/wp-content\/uploads\/2021\/03\/About-Us-5.jpg\" alt=\"\" class=\"wp-image-3351\"\/><\/figure>\n<\/figure>\n<\/div>\n\n\n\n<div class=\"wp-block-column is-layout-flow wp-block-column-is-layout-flow\" style=\"flex-basis:66.66%\">\n<p>Noi di VinoRoma siamo un gruppo internazionale appassionato di vino. Sommelier per formazione, abbiamo creato un\u2019associazione culturale che offre<strong> degustazioni<\/strong> a tutti i livelli, rivolte sia ai turisti che ai cittadini romani e italiani. Presentiamo il meglio che il mondo del vino, specificamente quello italiano, ha da offrire; i migliori stili, denominazioni e vitigni con l\u2019impegno che tutti, dai principianti ai professionisti, riceveranno tanto da uno dei nostri eventi.<\/p>\n\n\n\n<div style=\"height:20px\" aria-hidden=\"true\" class=\"wp-block-spacer\"><\/div>\n\n\n\n<p>Le nostre degustazioni sono una pausa dalla vita movimentata di Roma. Ti accoglieremo nel nostro <strong>wine studio <\/strong>nel cuore della citt\u00e0 in un ambiente rilassante, amichevole e divertente con persone come te. Attraverso il nostro tempo insieme avrai la possibilit\u00e0 di assaggiare dei vini unici, imparerai le tecniche di degustazione, come lo stile del vino cambia in base alla regione e a come abbinare il vino giusto al cibo giusto. VinoRoma dispone anche di una <strong>cantina dell\u2019epoca romana<\/strong> che, se ci stai simpatico, ti faremo visitare\u2026<\/p>\n\n\n\n<div style=\"height:20px\" aria-hidden=\"true\" class=\"wp-block-spacer\"><\/div>\n\n\n\n<p>A noi piace bere il vino senza essere snob. La nostra filosofia \u00e8 che ognuno pu\u00f2 e dovrebbe bere vino di qualit\u00e0, che tu sia un bevitore novizio o un vero e proprio enofilo. Ti forniremo il know-how per sentirti pi\u00f9 sicuro la prossima volta che entri in un\u2019enoteca o ricevi dal cameriere la carta dei vini. Vedrai che saprai apprezzare molto di pi\u00f9 i vini italiani appena capirai la differenza tra un Barolo e un Brunello, o un Montepulciano d\u2019Abruzzo verso un Vino Nobile di Montepulciano\u2026<\/p>\n\n\n\n<div style=\"height:20px\" aria-hidden=\"true\" class=\"wp-block-spacer\"><\/div>\n\n\n\n<p>Dato che qui in Italia non si parla di vino senza cibo \u00e8 di fondamentale importanza capire la cucina regionale. Per questo offriamo anche <strong>tour<\/strong> in diversi quartieri di Roma per visitare i veri mercati rionali cos\u00ec come le migliori pizzerie, gelaterie e caff\u00e8 in tutta la citt\u00e0. In alternativa, puoi prenotare una visita privata presso un\u2019<strong>azienda vinicola naturale<\/strong> vicino Roma la cui produzione di vini \u00e8 senza dubbio tra le pi\u00f9 interessanti della regione in questo momento.<\/p>\n\n\n\n<div style=\"height:20px\" aria-hidden=\"true\" class=\"wp-block-spacer\"><\/div>\n\n\n\n<p>VinoRoma \u00e8 un\u2019<strong>associazione culturale <\/strong>dedicata al bere e ad apprezzare il vino. Una volta iscritto alla tua prima degustazione, escursione o evento diventerai socio di un gruppo di persone affini a cui piace il buon vino e cibo e sarai invitato ad eventi speciali con vignaioli, commercianti, ristoratori ed esperti enogastronomici.\u00a0<\/p>\n\n\n\n<div style=\"height:20px\" aria-hidden=\"true\" class=\"wp-block-spacer\"><\/div>\n\n\n\n<p>VinoRoma vuole offrire qualcosa di diverso rispetto alla tipica esperienza a Roma. Non ci incontriamo semplicemente in un wine bar qualsiasi per ordinare dei bicchieri a caso. Ti invitiamo, invece, nella nostra <strong>sala degustazioni privata<\/strong> dove sarai guidato dal tuo sommelier in tutti i dettagli. Non ti offriamo soltanto del vino da bere (anche se ci sar\u00e0 anche questo). Vorremmo offrirti le basi per capire il vino italiano e i tuoi gusti personali cos\u00ec da poter continuare ad approfondirli autonomamente anche dopo la degustazione!<\/p>\n\n\n\n<div style=\"height:50px\" aria-hidden=\"true\" class=\"wp-block-spacer\"><\/div>\n\n\n\n<p><em>Domande? Commenti? Contattaci all&#8217;indirizzo <a rel=\"noreferrer noopener\" href=\"mailto:ciao@vinoroma.com\" target=\"_blank\">ciao@vinoroma.com<\/a><\/em><\/p>\n<\/div>\n<\/div>\n<\/div>\n","protected":false},"excerpt":{"rendered":"<p>Noi di VinoRoma siamo un gruppo internazionale appassionato di vino. Sommelier per formazione, abbiamo creato un\u2019associazione culturale che offre degustazioni a tutti i livelli, rivolte sia ai turisti che ai cittadini romani e italiani. Presentiamo il meglio che il mondo del vino, specificamente quello italiano, ha da offrire; i migliori stili, denominazioni e vitigni con &hellip; <a href=\"https:\/\/vinoroma.com\/it\/chi-siamo\/\" title=\"Chi siamo\" class=\"read-more\">Read More<\/a><\/p>\n","protected":false},"author":5,"featured_media":0,"parent":0,"menu_order":0,"comment_status":"closed","ping_status":"closed","template":"","meta":{"_coblocks_attr":"","_coblocks_dimensions":"","_coblocks_responsive_height":"","_coblocks_accordion_ie_support":"","inline_featured_image":false,"footnotes":""},"class_list":["post-6422","page","type-page","status-publish","hentry"],"yoast_head":"<!-- This site is optimized with the Yoast SEO plugin v27.4 - https:\/\/yoast.com\/product\/yoast-seo-wordpress\/ -->\n<title>Chi siamo &#8226; VinoRoma Wine Studio &amp; Social Club<\/title>\n<meta name=\"robots\" content=\"index, follow, max-snippet:-1, max-image-preview:large, max-video-preview:-1\" \/>\n<link rel=\"canonical\" href=\"https:\/\/vinoroma.com\/it\/chi-siamo\/\" \/>\n<meta property=\"og:locale\" content=\"it_IT\" \/>\n<meta property=\"og:type\" content=\"article\" \/>\n<meta property=\"og:title\" content=\"Chi siamo &#8226; VinoRoma Wine Studio &amp; Social Club\" \/>\n<meta property=\"og:description\" content=\"Noi di VinoRoma siamo un gruppo internazionale appassionato di vino. Sommelier per formazione, abbiamo creato un\u2019associazione culturale che offre degustazioni a tutti i livelli, rivolte sia ai turisti che ai cittadini romani e italiani. Presentiamo il meglio che il mondo del vino, specificamente quello italiano, ha da offrire; i migliori stili, denominazioni e vitigni con [&hellip;]\" \/>\n<meta property=\"og:url\" content=\"https:\/\/vinoroma.com\/it\/chi-siamo\/\" \/>\n<meta property=\"og:site_name\" content=\"VinoRoma Wine Studio &amp; Social Club\" \/>\n<meta property=\"article:modified_time\" content=\"2023-07-15T20:23:28+00:00\" \/>\n<meta property=\"og:image\" content=\"http:\/\/vinoroma.com\/wp-content\/uploads\/2021\/03\/About-Us-1.jpg\" \/>\n<meta name=\"twitter:card\" content=\"summary_large_image\" \/>\n<meta name=\"twitter:label1\" content=\"Tempo di lettura stimato\" \/>\n\t<meta name=\"twitter:data1\" content=\"5 minuti\" \/>\n<script type=\"application\/ld+json\" class=\"yoast-schema-graph\">{\"@context\":\"https:\\\/\\\/schema.org\",\"@graph\":[{\"@type\":\"WebPage\",\"@id\":\"https:\\\/\\\/vinoroma.com\\\/it\\\/chi-siamo\\\/\",\"url\":\"https:\\\/\\\/vinoroma.com\\\/it\\\/chi-siamo\\\/\",\"name\":\"Chi siamo &#8226; VinoRoma Wine Studio &amp; Social Club\",\"isPartOf\":{\"@id\":\"https:\\\/\\\/vinoroma.com\\\/it\\\/#website\"},\"primaryImageOfPage\":{\"@id\":\"https:\\\/\\\/vinoroma.com\\\/it\\\/chi-siamo\\\/#primaryimage\"},\"image\":{\"@id\":\"https:\\\/\\\/vinoroma.com\\\/it\\\/chi-siamo\\\/#primaryimage\"},\"thumbnailUrl\":\"http:\\\/\\\/vinoroma.com\\\/wp-content\\\/uploads\\\/2021\\\/03\\\/About-Us-1.jpg\",\"datePublished\":\"2022-02-09T19:17:58+00:00\",\"dateModified\":\"2023-07-15T20:23:28+00:00\",\"breadcrumb\":{\"@id\":\"https:\\\/\\\/vinoroma.com\\\/it\\\/chi-siamo\\\/#breadcrumb\"},\"inLanguage\":\"it-IT\",\"potentialAction\":[{\"@type\":\"ReadAction\",\"target\":[\"https:\\\/\\\/vinoroma.com\\\/it\\\/chi-siamo\\\/\"]}]},{\"@type\":\"ImageObject\",\"inLanguage\":\"it-IT\",\"@id\":\"https:\\\/\\\/vinoroma.com\\\/it\\\/chi-siamo\\\/#primaryimage\",\"url\":\"http:\\\/\\\/vinoroma.com\\\/wp-content\\\/uploads\\\/2021\\\/03\\\/About-Us-1.jpg\",\"contentUrl\":\"http:\\\/\\\/vinoroma.com\\\/wp-content\\\/uploads\\\/2021\\\/03\\\/About-Us-1.jpg\"},{\"@type\":\"BreadcrumbList\",\"@id\":\"https:\\\/\\\/vinoroma.com\\\/it\\\/chi-siamo\\\/#breadcrumb\",\"itemListElement\":[{\"@type\":\"ListItem\",\"position\":1,\"name\":\"Home\",\"item\":\"https:\\\/\\\/vinoroma.com\\\/it\\\/\"},{\"@type\":\"ListItem\",\"position\":2,\"name\":\"Chi siamo\"}]},{\"@type\":\"WebSite\",\"@id\":\"https:\\\/\\\/vinoroma.com\\\/it\\\/#website\",\"url\":\"https:\\\/\\\/vinoroma.com\\\/it\\\/\",\"name\":\"VinoRoma Wine Studio &amp; Social Club\",\"description\":\"Wine tastings and food tours in Rome\",\"publisher\":{\"@id\":\"https:\\\/\\\/vinoroma.com\\\/it\\\/#organization\"},\"potentialAction\":[{\"@type\":\"SearchAction\",\"target\":{\"@type\":\"EntryPoint\",\"urlTemplate\":\"https:\\\/\\\/vinoroma.com\\\/it\\\/?s={search_term_string}\"},\"query-input\":{\"@type\":\"PropertyValueSpecification\",\"valueRequired\":true,\"valueName\":\"search_term_string\"}}],\"inLanguage\":\"it-IT\"},{\"@type\":\"Organization\",\"@id\":\"https:\\\/\\\/vinoroma.com\\\/it\\\/#organization\",\"name\":\"VinoRoma Wine Studio & Social Club\",\"url\":\"https:\\\/\\\/vinoroma.com\\\/it\\\/\",\"logo\":{\"@type\":\"ImageObject\",\"inLanguage\":\"it-IT\",\"@id\":\"https:\\\/\\\/vinoroma.com\\\/it\\\/#\\\/schema\\\/logo\\\/image\\\/\",\"url\":\"\",\"contentUrl\":\"\",\"caption\":\"VinoRoma Wine Studio & Social Club\"},\"image\":{\"@id\":\"https:\\\/\\\/vinoroma.com\\\/it\\\/#\\\/schema\\\/logo\\\/image\\\/\"}}]}<\/script>\n<!-- \/ Yoast SEO plugin. -->","yoast_head_json":{"title":"Chi siamo &#8226; VinoRoma Wine Studio &amp; Social Club","robots":{"index":"index","follow":"follow","max-snippet":"max-snippet:-1","max-image-preview":"max-image-preview:large","max-video-preview":"max-video-preview:-1"},"canonical":"https:\/\/vinoroma.com\/it\/chi-siamo\/","og_locale":"it_IT","og_type":"article","og_title":"Chi siamo &#8226; VinoRoma Wine Studio &amp; Social Club","og_description":"Noi di VinoRoma siamo un gruppo internazionale appassionato di vino. Sommelier per formazione, abbiamo creato un\u2019associazione culturale che offre degustazioni a tutti i livelli, rivolte sia ai turisti che ai cittadini romani e italiani. Presentiamo il meglio che il mondo del vino, specificamente quello italiano, ha da offrire; i migliori stili, denominazioni e vitigni con [&hellip;]","og_url":"https:\/\/vinoroma.com\/it\/chi-siamo\/","og_site_name":"VinoRoma Wine Studio &amp; Social Club","article_modified_time":"2023-07-15T20:23:28+00:00","og_image":[{"url":"http:\/\/vinoroma.com\/wp-content\/uploads\/2021\/03\/About-Us-1.jpg","type":"","width":"","height":""}],"twitter_card":"summary_large_image","twitter_misc":{"Tempo di lettura stimato":"5 minuti"},"schema":{"@context":"https:\/\/schema.org","@graph":[{"@type":"WebPage","@id":"https:\/\/vinoroma.com\/it\/chi-siamo\/","url":"https:\/\/vinoroma.com\/it\/chi-siamo\/","name":"Chi siamo &#8226; VinoRoma Wine Studio &amp; Social Club","isPartOf":{"@id":"https:\/\/vinoroma.com\/it\/#website"},"primaryImageOfPage":{"@id":"https:\/\/vinoroma.com\/it\/chi-siamo\/#primaryimage"},"image":{"@id":"https:\/\/vinoroma.com\/it\/chi-siamo\/#primaryimage"},"thumbnailUrl":"http:\/\/vinoroma.com\/wp-content\/uploads\/2021\/03\/About-Us-1.jpg","datePublished":"2022-02-09T19:17:58+00:00","dateModified":"2023-07-15T20:23:28+00:00","breadcrumb":{"@id":"https:\/\/vinoroma.com\/it\/chi-siamo\/#breadcrumb"},"inLanguage":"it-IT","potentialAction":[{"@type":"ReadAction","target":["https:\/\/vinoroma.com\/it\/chi-siamo\/"]}]},{"@type":"ImageObject","inLanguage":"it-IT","@id":"https:\/\/vinoroma.com\/it\/chi-siamo\/#primaryimage","url":"http:\/\/vinoroma.com\/wp-content\/uploads\/2021\/03\/About-Us-1.jpg","contentUrl":"http:\/\/vinoroma.com\/wp-content\/uploads\/2021\/03\/About-Us-1.jpg"},{"@type":"BreadcrumbList","@id":"https:\/\/vinoroma.com\/it\/chi-siamo\/#breadcrumb","itemListElement":[{"@type":"ListItem","position":1,"name":"Home","item":"https:\/\/vinoroma.com\/it\/"},{"@type":"ListItem","position":2,"name":"Chi siamo"}]},{"@type":"WebSite","@id":"https:\/\/vinoroma.com\/it\/#website","url":"https:\/\/vinoroma.com\/it\/","name":"VinoRoma Wine Studio &amp; Social Club","description":"Wine tastings and food tours in Rome","publisher":{"@id":"https:\/\/vinoroma.com\/it\/#organization"},"potentialAction":[{"@type":"SearchAction","target":{"@type":"EntryPoint","urlTemplate":"https:\/\/vinoroma.com\/it\/?s={search_term_string}"},"query-input":{"@type":"PropertyValueSpecification","valueRequired":true,"valueName":"search_term_string"}}],"inLanguage":"it-IT"},{"@type":"Organization","@id":"https:\/\/vinoroma.com\/it\/#organization","name":"VinoRoma Wine Studio & Social Club","url":"https:\/\/vinoroma.com\/it\/","logo":{"@type":"ImageObject","inLanguage":"it-IT","@id":"https:\/\/vinoroma.com\/it\/#\/schema\/logo\/image\/","url":"","contentUrl":"","caption":"VinoRoma Wine Studio & Social Club"},"image":{"@id":"https:\/\/vinoroma.com\/it\/#\/schema\/logo\/image\/"}}]}},"_links":{"self":[{"href":"https:\/\/vinoroma.com\/it\/wp-json\/wp\/v2\/pages\/6422","targetHints":{"allow":["GET"]}}],"collection":[{"href":"https:\/\/vinoroma.com\/it\/wp-json\/wp\/v2\/pages"}],"about":[{"href":"https:\/\/vinoroma.com\/it\/wp-json\/wp\/v2\/types\/page"}],"author":[{"embeddable":true,"href":"https:\/\/vinoroma.com\/it\/wp-json\/wp\/v2\/users\/5"}],"replies":[{"embeddable":true,"href":"https:\/\/vinoroma.com\/it\/wp-json\/wp\/v2\/comments?post=6422"}],"version-history":[{"count":50,"href":"https:\/\/vinoroma.com\/it\/wp-json\/wp\/v2\/pages\/6422\/revisions"}],"predecessor-version":[{"id":8284,"href":"https:\/\/vinoroma.com\/it\/wp-json\/wp\/v2\/pages\/6422\/revisions\/8284"}],"wp:attachment":[{"href":"https:\/\/vinoroma.com\/it\/wp-json\/wp\/v2\/media?parent=6422"}],"curies":[{"name":"wp","href":"https:\/\/api.w.org\/{rel}","templated":true}]}}